{"id":2489,"date":"2022-06-01T15:45:03","date_gmt":"2022-06-01T07:45:03","guid":{"rendered":"https:\/\/17sing.tw\/web\/?page_id=2489"},"modified":"2025-02-26T16:53:38","modified_gmt":"2025-02-26T09:53:38","slug":"about","status":"publish","type":"page","link":"https:\/\/www.singwowapp200.com\/web\/about\/","title":{"rendered":"V\u1ec1 SingWow"},"content":{"rendered":"\t\t<div data-elementor-type=\"wp-page\" data-elementor-id=\"2489\" class=\"elementor elementor-2489\">\n\t\t\t\t\t\t\t\t\t<section class=\"elementor-section elementor-top-section elementor-element elementor-element-b4a139t elementor-section-boxed elementor-section-height-default elementor-section-height-default\" data-id=\"b4a139t\" data-element_type=\"section\" data-settings=\"{&quot;background_background&quot;:&quot;classic&quot;}\">\n\t\t\t\t\t\t<div class=\"elementor-container elementor-column-gap-no\">\n\t\t\t\t\t<div class=\"elementor-column elementor-col-100 elementor-top-column elementor-element elementor-element-8fa271b\" data-id=\"8fa271b\" data-element_type=\"column\">\n\t\t\t<div class=\"elementor-widget-wrap elementor-element-populated\">\n\t\t\t\t\t\t\t\t<div class=\"elementor-element elementor-element-3f9c059 elementor-widget elementor-widget-heading\" data-id=\"3f9c059\" data-element_type=\"widget\" data-widget_type=\"heading.default\">\n\t\t\t\t<div class=\"elementor-widget-container\">\n\t\t\t<style>\/*! elementor - v3.10.2 - 29-01-2023 *\/\n.elementor-heading-title{padding:0;margin:0;line-height:1}.elementor-widget-heading .elementor-heading-title[class*=elementor-size-]>a{color:inherit;font-size:inherit;line-height:inherit}.elementor-widget-heading .elementor-heading-title.elementor-size-small{font-size:15px}.elementor-widget-heading .elementor-heading-title.elementor-size-medium{font-size:19px}.elementor-widget-heading .elementor-heading-title.elementor-size-large{font-size:29px}.elementor-widget-heading .elementor-heading-title.elementor-size-xl{font-size:39px}.elementor-widget-heading .elementor-heading-title.elementor-size-xxl{font-size:59px}<\/style><h1 class=\"elementor-heading-title elementor-size-default\">V\u1ec0 SINGWOW<\/h1>\t\t<\/div>\n\t\t\t\t<\/div>\n\t\t\t\t\t<\/div>\n\t\t<\/div>\n\t\t\t\t\t\t\t<\/div>\n\t\t<\/section>\n\t\t\t\t<section class=\"elementor-section elementor-top-section elementor-element elementor-element-c929886 elementor-section-boxed elementor-section-height-default elementor-section-height-default\" data-id=\"c929886\" data-element_type=\"section\">\n\t\t\t\t\t\t<div class=\"elementor-container elementor-column-gap-default\">\n\t\t\t\t\t<div class=\"elementor-column elementor-col-100 elementor-top-column elementor-element elementor-element-ae14cf2\" data-id=\"ae14cf2\" data-element_type=\"column\">\n\t\t\t<div class=\"elementor-widget-wrap elementor-element-populated\">\n\t\t\t\t\t\t\t\t<div class=\"elementor-element elementor-element-d45a8d3 elementor-widget elementor-widget-text-editor\" data-id=\"d45a8d3\" data-element_type=\"widget\" data-widget_type=\"text-editor.default\">\n\t\t\t\t<div class=\"elementor-widget-container\">\n\t\t\t<style>\/*! elementor - v3.10.2 - 29-01-2023 *\/\n.elementor-widget-text-editor.elementor-drop-cap-view-stacked .elementor-drop-cap{background-color:#818a91;color:#fff}.elementor-widget-text-editor.elementor-drop-cap-view-framed .elementor-drop-cap{color:#818a91;border:3px solid;background-color:transparent}.elementor-widget-text-editor:not(.elementor-drop-cap-view-default) .elementor-drop-cap{margin-top:8px}.elementor-widget-text-editor:not(.elementor-drop-cap-view-default) .elementor-drop-cap-letter{width:1em;height:1em}.elementor-widget-text-editor .elementor-drop-cap{float:left;text-align:center;line-height:1;font-size:50px}.elementor-widget-text-editor .elementor-drop-cap-letter{display:inline-block}<\/style>\t\t\t\t<p>SingWow l\u00e0 m\u1ed9t \u1ee9ng d\u1ee5ng h\u00e1t karaoke tr\u1ef1c tuy\u1ebfn, ra m\u1eaft t\u1eeb n\u0103m 2016 v\u00e0 nh\u1eadn \u0111\u01b0\u1ee3c s\u1ef1 y\u00eau th\u00edch c\u1ee7a gi\u1edbi tr\u1ebb t\u1ea1i th\u1ecb tr\u01b0\u1eddng Vi\u1ec7t Nam. L\u00e0 m\u1ed9t \u1ee9ng d\u1ee5ng karaoke v\u1edbi m\u00f4 h\u00ecnh ho\u1ea1t \u0111\u1ed9ng \u0111\u1ed9c \u0111\u00e1o l\u00e0 &#8220;gi\u1ea3i tr\u00ed + m\u1ea1ng x\u00e3 h\u1ed9i&#8221;, SingWow lu\u00f4n l\u1ea5y ng\u01b0\u1eddi d\u00f9ng l\u00e0m trung t\u00e2m, kh\u00f4ng ng\u1eebng \u0111\u1ed5i m\u1edbi v\u00e0 mang \u0111\u1ebfn cho gi\u1edbi tr\u1ebb tr\u1ea3i nghi\u1ec7m gi\u1ea3i tr\u00ed ng\u00e0y c\u00e0ng th\u00fa v\u1ecb h\u01a1n. SingWow s\u1ebd ti\u1ebfp t\u1ee5c duy tr\u00ec kh\u00e1i ni\u1ec7m &#8220;T\u1ea1o ra m\u1ed9t n\u1ec1n t\u1ea3ng karaoke online gi\u1ea3i tr\u00ed cho t\u1ea5t c\u1ea3 m\u1ecdi ng\u01b0\u1eddi c\u00f3 gi\u1ea5c m\u01a1 \u00e2m nh\u1ea1c&#8221;, mang \u0111\u1ebfn nhi\u1ec1u b\u1ea5t ng\u1edd v\u00e0 th\u00fa v\u1ecb h\u01a1n cho ng\u01b0\u1eddi d\u00f9ng. <span style=\"font-style: inherit; font-weight: inherit; background-color: var(--ast-global-color-5); color: var(--ast-global-color-3);\">\u0110\u1ebfn nay, \u1ee9ng d\u1ee5ng SingWow \u0111\u00e3 c\u00f3 nhi\u1ec1u t\u00ednh n\u0103ng \u0111\u1eb7c s\u1eafc nh\u01b0: karaoke AI ch\u1ea5m \u0111i\u1ec3m, auto-tune ch\u1ec9nh gi\u1ecdng ch\u1ea5t l\u01b0\u1ee3ng cao, ph\u00f2ng kara n\u1ed1i mic nhi\u1ec1u ng\u01b0\u1eddi, song ca tr\u1ef1c tuy\u1ebfn&#8230;<\/span><\/p>\t\t\t\t\t\t<\/div>\n\t\t\t\t<\/div>\n\t\t\t\t\t<\/div>\n\t\t<\/div>\n\t\t\t\t\t\t\t<\/div>\n\t\t<\/section>\n\t\t\t\t<section class=\"elementor-section elementor-top-section elementor-element elementor-element-e9898af elementor-section-boxed elementor-section-height-default elementor-section-height-default\" data-id=\"e9898af\" data-element_type=\"section\">\n\t\t\t\t\t\t<div class=\"elementor-container elementor-column-gap-default\">\n\t\t\t\t\t<div class=\"elementor-column elementor-col-100 elementor-top-column elementor-element elementor-element-a12675d\" data-id=\"a12675d\" data-element_type=\"column\">\n\t\t\t<div class=\"elementor-widget-wrap elementor-element-populated\">\n\t\t\t\t\t\t\t\t<div class=\"elementor-element elementor-element-fe358e9 elementor-widget elementor-widget-text-editor\" data-id=\"fe358e9\" data-element_type=\"widget\" data-widget_type=\"text-editor.default\">\n\t\t\t\t<div class=\"elementor-widget-container\">\n\t\t\t\t\t\t\t<p>Trong t\u01b0\u01a1ng lai, SingWow s\u1ebd kh\u00f4ng ng\u1eebng x\u00e2y d\u1ef1ng v\u00e0 c\u1ee7ng c\u1ed1 h\u00ecnh \u1ea3nh th\u01b0\u01a1ng hi\u1ec7u, m\u1edf r\u1ed9ng \u0111\u1ed1i t\u01b0\u1ee3ng v\u00e0 c\u1ea3i thi\u1ec7n m\u1ee9c \u0111\u1ed9 g\u1eafn b\u00f3 c\u1ee7a ng\u01b0\u1eddi d\u00f9ng. \u0110\u1ec3 \u0111\u1ea1t \u0111\u01b0\u1ee3c m\u1ee5c ti\u00eau n\u00e0y, SingWow s\u1ebd ti\u1ebfp t\u1ee5c ph\u00e1t tri\u1ec3n c\u00e1c ch\u1ee9c n\u0103ng v\u00e0 l\u1ed1i ch\u01a1i m\u1edbi, ra m\u1eaft nhi\u1ec1u ch\u1ee9c n\u0103ng v\u00e0 s\u1ef1 ki\u1ec7n ch\u01a1i tr\u00f2 ch\u01a1i th\u00fa v\u1ecb h\u01a1n, m\u1edf r\u1ed9ng h\u1ee3p t\u00e1c v\u1edbi c\u00e1c th\u01b0\u01a1ng hi\u1ec7u v\u00e0 ph\u01b0\u01a1ng ti\u1ec7n truy\u1ec1n th\u00f4ng kh\u00e1c nhau, \u0111\u1ed3ng th\u1eddi n\u00e2ng cao nh\u1eadn th\u1ee9c v\u00e0 t\u1ea7m \u1ea3nh h\u01b0\u1edfng c\u1ee7a th\u01b0\u01a1ng hi\u1ec7u. V\u00ed d\u1ee5: t\u1ed5 ch\u1ee9c c\u00e1c cu\u1ed9c thi \u00e2m nh\u1ea1c offline &#8220;Ng\u00f4i Sao Sinh Vi\u00ean &#8211; SingWow 2022&#8221;, &#8220;\u0110\u00eam Nh\u1ea1c Gala H\u00e0nh Tinh Kara SingWow 2022&#8221;, &#8220;Kara Soul X\u00f4ng Pha V\u01b0\u1ee3t TP. HCM&#8221;, &#8220;C\u00f9ng Tuna Nh\u1eadp Vai&#8221;, l\u1ec5 k\u1ef7 ni\u1ec7m SingWow 8 n\u0103m \u201c\u00c2m s\u1eafc t\u1eadp k\u1ebft \u2013 T\u1ee5 h\u1ed9i giang h\u1ed3\u201d, v.v.<\/p>\t\t\t\t\t\t<\/div>\n\t\t\t\t<\/div>\n\t\t\t\t\t<\/div>\n\t\t<\/div>\n\t\t\t\t\t\t\t<\/div>\n\t\t<\/section>\n\t\t\t\t<section class=\"elementor-section elementor-top-section elementor-element elementor-element-cecbe7d elementor-section-boxed elementor-section-height-default elementor-section-height-default\" data-id=\"cecbe7d\" data-element_type=\"section\">\n\t\t\t\t\t\t<div class=\"elementor-container elementor-column-gap-default\">\n\t\t\t\t\t<div class=\"elementor-column elementor-col-100 elementor-top-column elementor-element elementor-element-5a265e8\" data-id=\"5a265e8\" data-element_type=\"column\">\n\t\t\t<div class=\"elementor-widget-wrap elementor-element-populated\">\n\t\t\t\t\t\t\t\t<section class=\"elementor-section elementor-inner-section elementor-element elementor-element-836e9e4 elementor-section-boxed elementor-section-height-default elementor-section-height-default\" data-id=\"836e9e4\" data-element_type=\"section\">\n\t\t\t\t\t\t<div class=\"elementor-container elementor-column-gap-default\">\n\t\t\t\t\t<div class=\"elementor-column elementor-col-100 elementor-inner-column elementor-element elementor-element-3c88c39\" data-id=\"3c88c39\" data-element_type=\"column\">\n\t\t\t<div class=\"elementor-widget-wrap elementor-element-populated\">\n\t\t\t\t\t\t\t\t<div class=\"elementor-element elementor-element-7bc7186 elementor-widget elementor-widget-image\" data-id=\"7bc7186\" data-element_type=\"widget\" data-widget_type=\"image.default\">\n\t\t\t\t<div class=\"elementor-widget-container\">\n\t\t\t<style>\/*! elementor - v3.10.2 - 29-01-2023 *\/\n.elementor-widget-image{text-align:center}.elementor-widget-image a{display:inline-block}.elementor-widget-image a img[src$=\".svg\"]{width:48px}.elementor-widget-image img{vertical-align:middle;display:inline-block}<\/style>\t\t\t\t\t\t\t\t\t<figure class=\"wp-caption\">\n\t\t\t\t\t\t\t\t\t\t<img decoding=\"async\" width=\"768\" height=\"512\" src=\"https:\/\/www.singwowapp200.com\/web\/wp-content\/uploads\/2024\/09\/mung-sinh-nhat-singnow-768x512.jpg\" class=\"attachment-medium_large size-medium_large wp-image-9866\" alt=\"\" loading=\"lazy\" srcset=\"https:\/\/www.singwowapp200.com\/web\/wp-content\/uploads\/2024\/09\/mung-sinh-nhat-singnow-768x512.jpg 768w, https:\/\/www.singwowapp200.com\/web\/wp-content\/uploads\/2024\/09\/mung-sinh-nhat-singnow-300x200.jpg 300w, https:\/\/www.singwowapp200.com\/web\/wp-content\/uploads\/2024\/09\/mung-sinh-nhat-singnow-1024x683.jpg 1024w, https:\/\/www.singwowapp200.com\/web\/wp-content\/uploads\/2024\/09\/mung-sinh-nhat-singnow-1536x1024.jpg 1536w, https:\/\/www.singwowapp200.com\/web\/wp-content\/uploads\/2024\/09\/mung-sinh-nhat-singnow.jpg 2048w\" sizes=\"(max-width: 768px) 100vw, 768px\" \/>\t\t\t\t\t\t\t\t\t\t\t<figcaption class=\"widget-image-caption wp-caption-text\">M\u1eebng SingWow 8 n\u0103m<\/figcaption>\n\t\t\t\t\t\t\t\t\t\t<\/figure>\n\t\t\t\t\t\t\t\t\t<\/div>\n\t\t\t\t<\/div>\n\t\t\t\t\t<\/div>\n\t\t<\/div>\n\t\t\t\t\t\t\t<\/div>\n\t\t<\/section>\n\t\t\t\t\t<\/div>\n\t\t<\/div>\n\t\t\t\t\t\t\t<\/div>\n\t\t<\/section>\n\t\t\t\t<section class=\"elementor-section elementor-top-section elementor-element elementor-element-1c64041 elementor-section-boxed elementor-section-height-default elementor-section-height-default\" data-id=\"1c64041\" data-element_type=\"section\">\n\t\t\t\t\t\t<div class=\"elementor-container elementor-column-gap-default\">\n\t\t\t\t\t<div class=\"elementor-column elementor-col-100 elementor-top-column elementor-element elementor-element-35c70ba\" data-id=\"35c70ba\" data-element_type=\"column\">\n\t\t\t<div class=\"elementor-widget-wrap elementor-element-populated\">\n\t\t\t\t\t\t\t\t<div class=\"elementor-element elementor-element-2b9bcde elementor-widget elementor-widget-text-editor\" data-id=\"2b9bcde\" data-element_type=\"widget\" data-widget_type=\"text-editor.default\">\n\t\t\t\t<div class=\"elementor-widget-container\">\n\t\t\t\t\t\t\t<p>\u0110\u1ea7u n\u0103m 2023, SingWow \u0111\u00e3 ch\u00ednh th\u1ee9c h\u1ee3p t\u00e1c v\u1edbi ca s\u0129 n\u1ed5i ti\u1ebfng H\u00f2a Minzy &#8211; \u0110\u1ea1i S\u1ee9 Th\u01b0\u01a1ng Hi\u1ec7u SingWow, \u0111\u00e2y l\u00e0 b\u01b0\u1edbc \u0111\u1ea7u ti\u00ean trong qu\u00e1 tr\u00ecnh n\u00e2ng c\u1ea5p th\u01b0\u01a1ng hi\u1ec7u c\u1ee7a \u1ee9ng d\u1ee5ng SingWow. \u0110\u1ed3ng th\u1eddi, ch\u00fang t\u00f4i s\u1ebd ti\u1ebfp t\u1ee5c m\u1edf r\u1ed9ng th\u1ecb tr\u01b0\u1eddng n\u01b0\u1edbc ngo\u00e0i, th\u1ef1c hi\u1ec7n b\u1ed1 c\u1ee5c to\u00e0n c\u1ea7u \u0111\u1ec3 cung c\u1ea5p n\u1ec1n t\u1ea3ng x\u00e3 h\u1ed9i gi\u1ea3i tr\u00ed ch\u1ea5t l\u01b0\u1ee3ng cao cho nhi\u1ec1u ng\u01b0\u1eddi tr\u1ebb h\u01a1n trong t\u01b0\u01a1ng lai.<\/p>\t\t\t\t\t\t<\/div>\n\t\t\t\t<\/div>\n\t\t\t\t\t<\/div>\n\t\t<\/div>\n\t\t\t\t\t\t\t<\/div>\n\t\t<\/section>\n\t\t\t\t<section class=\"elementor-section elementor-top-section elementor-element elementor-element-21c5eac elementor-section-boxed elementor-section-height-default elementor-section-height-default\" data-id=\"21c5eac\" data-element_type=\"section\">\n\t\t\t\t\t\t<div class=\"elementor-container elementor-column-gap-default\">\n\t\t\t\t\t<div class=\"elementor-column elementor-col-100 elementor-top-column elementor-element elementor-element-d88341a\" data-id=\"d88341a\" data-element_type=\"column\">\n\t\t\t<div class=\"elementor-widget-wrap elementor-element-populated\">\n\t\t\t\t\t\t\t\t<div class=\"elementor-element elementor-element-b4ecfa2 elementor-widget elementor-widget-text-editor\" data-id=\"b4ecfa2\" data-element_type=\"widget\" data-widget_type=\"text-editor.default\">\n\t\t\t\t<div class=\"elementor-widget-container\">\n\t\t\t\t\t\t\t<p>SingWow s\u1ebd ti\u1ebfp t\u1ee5c \u0111\u00e0o s\u00e2u l\u0129nh v\u1ef1c gi\u1ea3i tr\u00ed v\u00e0 m\u1ea1ng x\u00e3 h\u1ed9i, m\u1edf r\u1ed9ng vi\u1ec7c h\u1ee3p t\u00e1c v\u1edbi c\u00e1c l\u0129nh v\u1ef1c gi\u1ea3i tr\u00ed nh\u01b0 \u00e2m nh\u1ea1c, m\u1ea1ng x\u00e3 h\u1ed9i v\u00e0 tr\u00f2 ch\u01a1i, t\u1ea1o ra m\u1ed9t h\u1ec7 sinh th\u00e1i gi\u1ea3i tr\u00ed \u0111a d\u1ea1ng h\u01a1n. Tr\u01b0\u1edbc h\u1ebft, trong l\u0129nh v\u1ef1c \u00e2m nh\u1ea1c, SingWow s\u1ebd ti\u1ebfp t\u1ee5c cung c\u1ea5p cho ng\u01b0\u1eddi d\u00f9ng tr\u1ea3i nghi\u1ec7m karaoke online ch\u1ea5t l\u01b0\u1ee3ng cao, s\u1eed d\u1ee5ng thu\u1eadt to\u00e1n d\u1eef li\u1ec7u \u0111\u1ec3 thu th\u1eadp v\u00e0 ghi l\u1ea1i c\u00e1c b\u00e0i h\u00e1t \u01b0a th\u00edch c\u1ee7a ng\u01b0\u1eddi d\u00f9ng, d\u1ea7n d\u1ea7n c\u1ea3i thi\u1ec7n ch\u1ee9c n\u0103ng \u0111\u1ec1 xu\u1ea5t th\u00f4ng minh v\u00e0 \u0111o\u00e1n \u0111\u01b0\u1ee3c ch\u00ednh x\u00e1c b\u00e0i h\u00e1t y\u00eau th\u00edch c\u1ee7a b\u1ea1n, \u0111\u00e1p \u1ee9ng nhu c\u1ea7u \u0111a d\u1ea1ng c\u1ee7a ng\u01b0\u1eddi d\u00f9ng. \u0110\u1ed3ng th\u1eddi, SingWow s\u1ebd ti\u1ebfp t\u1ee5c c\u1ea3i ti\u1ebfn c\u00f4ng ngh\u1ec7 hi\u1ec7u \u1ee9ng \u00e2m thanh, \u0111\u1ec3 ng\u01b0\u1eddi d\u00f9ng c\u1ea3m nh\u1eadn \u0111\u01b0\u1ee3c nhi\u1ec1u tr\u1ea3i nghi\u1ec7m \u00e2m nh\u1ea1c ch\u00e2n th\u1ef1c trong qu\u00e1 tr\u00ecnh h\u00e1t karaoke. Ngo\u00e0i ra, SingWow s\u1ebd ti\u1ebfp t\u1ee5c ph\u00e1t tri\u1ec3n l\u1ed1i ch\u01a1i karaoke v\u00e0 c\u00e1c ch\u1ee9c n\u0103ng x\u00e3 h\u1ed9i m\u1edbi \u0111\u1ec3 mang l\u1ea1i nhi\u1ec1u tr\u1ea3i nghi\u1ec7m th\u00fa v\u1ecb h\u01a1n cho ng\u01b0\u1eddi d\u00f9ng.<\/p><p>C\u1ea3m \u01a1n b\u1ea1n \u0111\u00e3 theo d\u00f5i v\u00e0 \u1ee7ng h\u1ed9 SingWow. H\u00e3y c\u00f9ng SingWow kh\u00e1m ph\u00e1 nh\u1eefng \u0111i\u1ec1u th\u00fa v\u1ecb nh\u00e9!<\/p>\t\t\t\t\t\t<\/div>\n\t\t\t\t<\/div>\n\t\t\t\t\t<\/div>\n\t\t<\/div>\n\t\t\t\t\t\t\t<\/div>\n\t\t<\/section>\n\t\t\t\t\t\t\t<\/div>\n\t\t","protected":false},"excerpt":{"rendered":"<p>V\u1ec0 SINGWOW SingWow l\u00e0 m\u1ed9t \u1ee9ng d\u1ee5ng h\u00e1t karaoke tr\u1ef1c tuy &hellip;<\/p>\n<p class=\"read-more\"> <a class=\"\" href=\"https:\/\/www.singwowapp200.com\/web\/about\/\"> <span class=\"screen-reader-text\">V\u1ec1 SingWow<\/span> \u95b1\u8b80\u5168\u6587 &raquo;<\/a><\/p>\n","protected":false},"author":1,"featured_media":0,"parent":0,"menu_order":0,"comment_status":"closed","ping_status":"closed","template":"elementor_header_footer","meta":{"site-sidebar-layout":"default","site-content-layout":"default","ast-global-header-display":"","ast-main-header-display":"","ast-hfb-above-header-display":"","ast-hfb-below-header-display":"","ast-hfb-mobile-header-display":"","site-post-title":"","ast-breadcrumbs-content":"","ast-featured-img":"","footer-sml-layout":"","theme-transparent-header-meta":"","adv-header-id-meta":"","stick-header-meta":"","header-above-stick-meta":"","header-main-stick-meta":"","header-below-stick-meta":""},"yoast_head":"<!-- This site is optimized with the Yoast SEO plugin v20.0 - https:\/\/yoast.com\/wordpress\/plugins\/seo\/ -->\n<title>V\u1ec1 SingWow - SingWow<\/title>\n<meta name=\"description\" content=\"SingWow d\u00e0nh cho t\u1ea5t c\u1ea3 m\u1ecdi ng\u01b0\u1eddi tr\u1ebb \u0111am m\u00ea\u00a0ca h\u00e1t, n\u01a1i th\u1ecfa m\u00e3n giao l\u01b0u k\u1ebft b\u1ea1n. Kho nh\u1ea1c beat phong ph\u00fa \u0111a d\u1ea1ng, \u0111\u1ea7y \u0111\u1ee7 t\u1ea5t c\u1ea3 c\u00e1c th\u1ec3 lo\u1ea1i nh\u1ea1c!\" \/>\n<meta name=\"robots\" content=\"noindex, follow\" \/>\n<meta property=\"og:locale\" content=\"zh_TW\" \/>\n<meta property=\"og:type\" content=\"article\" \/>\n<meta property=\"og:title\" content=\"V\u1ec1 SingWow - SingWow\" \/>\n<meta property=\"og:description\" content=\"SingWow d\u00e0nh cho t\u1ea5t c\u1ea3 m\u1ecdi ng\u01b0\u1eddi tr\u1ebb \u0111am m\u00ea\u00a0ca h\u00e1t, n\u01a1i th\u1ecfa m\u00e3n giao l\u01b0u k\u1ebft b\u1ea1n. Kho nh\u1ea1c beat phong ph\u00fa \u0111a d\u1ea1ng, \u0111\u1ea7y \u0111\u1ee7 t\u1ea5t c\u1ea3 c\u00e1c th\u1ec3 lo\u1ea1i nh\u1ea1c!\" \/>\n<meta property=\"og:url\" content=\"https:\/\/www.singwowapp200.com\/web\/about\/\" \/>\n<meta property=\"og:site_name\" content=\"SingWow\" \/>\n<meta property=\"article:publisher\" content=\"https:\/\/www.facebook.com\/17sing\" \/>\n<meta property=\"article:modified_time\" content=\"2025-02-26T09:53:38+00:00\" \/>\n<meta property=\"og:image\" content=\"http:\/\/www.singnowapp.com\/web\/wp-content\/uploads\/2024\/09\/mung-sinh-nhat-singnow-768x512.jpg\" \/>\n<meta name=\"twitter:card\" content=\"summary_large_image\" \/>\n<meta name=\"twitter:site\" content=\"@17hsing\" \/>\n<meta name=\"twitter:label1\" content=\"\u9810\u4f30\u95b1\u8b80\u6642\u9593\" \/>\n\t<meta name=\"twitter:data1\" content=\"4 \u5206\u9418\" \/>\n<!-- \/ Yoast SEO plugin. -->","yoast_head_json":{"title":"V\u1ec1 SingWow - SingWow","description":"SingWow d\u00e0nh cho t\u1ea5t c\u1ea3 m\u1ecdi ng\u01b0\u1eddi tr\u1ebb \u0111am m\u00ea\u00a0ca h\u00e1t, n\u01a1i th\u1ecfa m\u00e3n giao l\u01b0u k\u1ebft b\u1ea1n. Kho nh\u1ea1c beat phong ph\u00fa \u0111a d\u1ea1ng, \u0111\u1ea7y \u0111\u1ee7 t\u1ea5t c\u1ea3 c\u00e1c th\u1ec3 lo\u1ea1i nh\u1ea1c!","robots":{"index":"noindex","follow":"follow"},"og_locale":"zh_TW","og_type":"article","og_title":"V\u1ec1 SingWow - SingWow","og_description":"SingWow d\u00e0nh cho t\u1ea5t c\u1ea3 m\u1ecdi ng\u01b0\u1eddi tr\u1ebb \u0111am m\u00ea\u00a0ca h\u00e1t, n\u01a1i th\u1ecfa m\u00e3n giao l\u01b0u k\u1ebft b\u1ea1n. Kho nh\u1ea1c beat phong ph\u00fa \u0111a d\u1ea1ng, \u0111\u1ea7y \u0111\u1ee7 t\u1ea5t c\u1ea3 c\u00e1c th\u1ec3 lo\u1ea1i nh\u1ea1c!","og_url":"https:\/\/www.singwowapp200.com\/web\/about\/","og_site_name":"SingWow","article_publisher":"https:\/\/www.facebook.com\/17sing","article_modified_time":"2025-02-26T09:53:38+00:00","og_image":[{"url":"http:\/\/www.singnowapp.com\/web\/wp-content\/uploads\/2024\/09\/mung-sinh-nhat-singnow-768x512.jpg"}],"twitter_card":"summary_large_image","twitter_site":"@17hsing","twitter_misc":{"\u9810\u4f30\u95b1\u8b80\u6642\u9593":"4 \u5206\u9418"},"schema":{"@context":"https:\/\/schema.org","@graph":[{"@type":"WebPage","@id":"https:\/\/www.singwowapp200.com\/web\/about\/","url":"https:\/\/www.singwowapp200.com\/web\/about\/","name":"V\u1ec1 SingWow - SingWow","isPartOf":{"@id":"https:\/\/www.singwowapp200.com\/web\/#website"},"datePublished":"2022-06-01T07:45:03+00:00","dateModified":"2025-02-26T09:53:38+00:00","description":"SingWow d\u00e0nh cho t\u1ea5t c\u1ea3 m\u1ecdi ng\u01b0\u1eddi tr\u1ebb \u0111am m\u00ea\u00a0ca h\u00e1t, n\u01a1i th\u1ecfa m\u00e3n giao l\u01b0u k\u1ebft b\u1ea1n. Kho nh\u1ea1c beat phong ph\u00fa \u0111a d\u1ea1ng, \u0111\u1ea7y \u0111\u1ee7 t\u1ea5t c\u1ea3 c\u00e1c th\u1ec3 lo\u1ea1i nh\u1ea1c!","breadcrumb":{"@id":"https:\/\/www.singwowapp200.com\/web\/about\/#breadcrumb"},"inLanguage":"zh-TW","potentialAction":[{"@type":"ReadAction","target":["https:\/\/www.singwowapp200.com\/web\/about\/"]}]},{"@type":"BreadcrumbList","@id":"https:\/\/www.singwowapp200.com\/web\/about\/#breadcrumb","itemListElement":[{"@type":"ListItem","position":1,"name":"\u9996\u9801","item":"https:\/\/www.singwowapp200.com\/web\/"},{"@type":"ListItem","position":2,"name":"V\u1ec1 SingWow"}]},{"@type":"WebSite","@id":"https:\/\/www.singwowapp200.com\/web\/#website","url":"https:\/\/www.singwowapp200.com\/web\/","name":"SingWow","description":"SingWow - Karaoke online, SingWow th\u00f4i SingWow c\u00f3 nhi\u1ec1u t\u00ednh n\u0103ng nh\u01b0 c\u01b0\u1edbp mic gi\u00e0nh h\u00e1t, \u0111\u1ea5u \u0111i\u1ec7p kh\u00fac ch\u1ea5m \u0111i\u1ec3m, tr\u00f2 ch\u01a1i h\u00e1t \u0111\u1ebfn c\u00f9ng, ch\u1ec9nh gi\u1ecdng h\u00e1t, h\u00e1t karaoke ch\u1ea5m \u0111i\u1ec3m, song ca c\u00f9ng b\u1ea1n b\u00e8, video call tr\u00f2 chuy\u1ec7n, giao l\u01b0u t\u00f9y th\u00edch!","publisher":{"@id":"https:\/\/www.singwowapp200.com\/web\/#organization"},"potentialAction":[{"@type":"SearchAction","target":{"@type":"EntryPoint","urlTemplate":"https:\/\/www.singwowapp200.com\/web\/?s={search_term_string}"},"query-input":"required name=search_term_string"}],"inLanguage":"zh-TW"},{"@type":"Organization","@id":"https:\/\/www.singwowapp200.com\/web\/#organization","name":"\u6b61\u6b4cAPP","url":"https:\/\/www.singwowapp200.com\/web\/","logo":{"@type":"ImageObject","inLanguage":"zh-TW","@id":"https:\/\/www.singwowapp200.com\/web\/#\/schema\/logo\/image\/","url":"","contentUrl":"","caption":"\u6b61\u6b4cAPP"},"image":{"@id":"https:\/\/www.singwowapp200.com\/web\/#\/schema\/logo\/image\/"},"sameAs":["https:\/\/www.facebook.com\/17sing","https:\/\/twitter.com\/17hsing"]}]}},"_links":{"self":[{"href":"https:\/\/www.singwowapp200.com\/web\/wp-json\/wp\/v2\/pages\/2489"}],"collection":[{"href":"https:\/\/www.singwowapp200.com\/web\/wp-json\/wp\/v2\/pages"}],"about":[{"href":"https:\/\/www.singwowapp200.com\/web\/wp-json\/wp\/v2\/types\/page"}],"author":[{"embeddable":true,"href":"https:\/\/www.singwowapp200.com\/web\/wp-json\/wp\/v2\/users\/1"}],"replies":[{"embeddable":true,"href":"https:\/\/www.singwowapp200.com\/web\/wp-json\/wp\/v2\/comments?post=2489"}],"version-history":[{"count":107,"href":"https:\/\/www.singwowapp200.com\/web\/wp-json\/wp\/v2\/pages\/2489\/revisions"}],"predecessor-version":[{"id":10033,"href":"https:\/\/www.singwowapp200.com\/web\/wp-json\/wp\/v2\/pages\/2489\/revisions\/10033"}],"wp:attachment":[{"href":"https:\/\/www.singwowapp200.com\/web\/wp-json\/wp\/v2\/media?parent=2489"}],"curies":[{"name":"wp","href":"https:\/\/api.w.org\/{rel}","templated":true}]}}